{"id":2560,"date":"2026-03-30T12:11:12","date_gmt":"2026-03-30T12:11:12","guid":{"rendered":"https:\/\/andalusiamt.com\/?page_id=2560"},"modified":"2026-03-30T12:48:19","modified_gmt":"2026-03-30T12:48:19","slug":"healthcare-for-expats-in-egypt","status":"publish","type":"page","link":"https:\/\/andalusiamt.com\/fr\/healthcare-for-expats-in-egypt\/","title":{"rendered":"Soins de sant\u00e9 pour expatri\u00e9s en \u00c9gypte"},"content":{"rendered":"<div data-elementor-type=\"wp-page\" data-elementor-id=\"2560\" class=\"elementor elementor-2560\">\n\t\t\t\t<div class=\"elementor-element elementor-element-53b66cd3 e-con-full e-flex wpr-particle-no wpr-jarallax-no wpr-parallax-no wpr-sticky-section-no e-con e-parent\" data-id=\"53b66cd3\" data-element_type=\"container\" data-settings=\"{&quot;background_background&quot;:&quot;classic&quot;}\">\n\t\t\t\t<div class=\"elementor-element elementor-element-66adb286 elementor-widget-tablet__width-initial elementor-widget__width-initial elementor-widget elementor-widget-image\" data-id=\"66adb286\" data-element_type=\"widget\" data-widget_type=\"image.default\">\n\t\t\t\t<div class=\"elementor-widget-container\">\n\t\t\t\t\t\t\t\t\t\t\t\t\t\t\t<img decoding=\"async\" width=\"300\" height=\"300\" src=\"https:\/\/andalusiamt.com\/wp-content\/uploads\/2026\/03\/Logo-300300.png\" class=\"attachment-medium size-medium wp-image-2591\" alt=\"Healthcare for Expats in Egypt\" srcset=\"https:\/\/andalusiamt.com\/wp-content\/uploads\/2026\/03\/Logo-300300.png 300w, https:\/\/andalusiamt.com\/wp-content\/uploads\/2026\/03\/Logo-300300-150x150.png 150w, https:\/\/andalusiamt.com\/wp-content\/uploads\/2026\/03\/Logo-300300-12x12.png 12w\" sizes=\"(max-width: 300px) 100vw, 300px\" \/>\t\t\t\t\t\t\t\t\t\t\t\t\t\t\t<\/div>\n\t\t\t\t<\/div>\n\t\t<div class=\"elementor-element elementor-element-5d80b4e3 e-con-full e-flex wpr-particle-no wpr-jarallax-no wpr-parallax-no wpr-sticky-section-no e-con e-child\" data-id=\"5d80b4e3\" data-element_type=\"container\">\n\t\t\t\t<div class=\"elementor-element elementor-element-31b4015 elementor-widget__width-initial elementor-widget elementor-widget-heading\" data-id=\"31b4015\" data-element_type=\"widget\" data-widget_type=\"heading.default\">\n\t\t\t\t<div class=\"elementor-widget-container\">\n\t\t\t\t\t<h2 class=\"elementor-heading-title elementor-size-default\">Soins de sant\u00e9 pour expatri\u00e9s en \u00c9gypte<\/h2>\t\t\t\t<\/div>\n\t\t\t\t<\/div>\n\t\t\t\t<div class=\"elementor-element elementor-element-3eff86d6 elementor-widget-mobile__width-inherit elementor-widget__width-initial elementor-widget elementor-widget-text-editor\" data-id=\"3eff86d6\" data-element_type=\"widget\" data-widget_type=\"text-editor.default\">\n\t\t\t\t<div class=\"elementor-widget-container\">\n\t\t\t\t\t\t\t\t\t<p><strong>Trusted Partner in Quality Healthcare<\/strong><\/p><p>For expats in Egypt, Andalusia Hospitals\u00a0delivers the answer. With\u00a0JCI accreditation,\u00a024\/7 emergency care, and\u00a0multilingual support, your health journey becomes not just manageable\u2014but genuinely\u00a0fearless.<\/p><p><strong>Andalusia Hospitals in Egypt\u00a0<\/strong><\/p><table><thead><tr><th>Feature<\/th><th>What It Means for You<\/th><\/tr><\/thead><tbody><tr><td><strong>JCI Accreditation<\/strong><\/td><td>Global gold standard for hospital safety\u2014care equal to top European or US hospitals<\/td><\/tr><tr><td><strong>Multilingual Coordinators<\/strong><\/td><td>Zero language barriers. Professional interpreters in Arabic, English, French<\/td><\/tr><tr><td><strong>24\/7 Emergency Care<\/strong><\/td><td>Trauma teams ready at any hour\u2014your safety net in Egypt<\/td><\/tr><tr><td><strong>Centers of Excellence<\/strong><\/td><td>Cardiology, Orthopedics, IVF, Oncology\u2014specialists with Western board certifications<\/td><\/tr><\/tbody><\/table>\t\t\t\t\t\t\t\t<\/div>\n\t\t\t\t<\/div>\n\t\t\t\t<div class=\"elementor-element elementor-element-42aff669 elementor-align-left elementor-widget elementor-widget-button\" data-id=\"42aff669\" data-element_type=\"widget\" data-widget_type=\"button.default\">\n\t\t\t\t<div class=\"elementor-widget-container\">\n\t\t\t\t\t\t\t\t\t<div class=\"elementor-button-wrapper\">\n\t\t\t\t\t<a class=\"elementor-button elementor-button-link elementor-size-sm\" href=\"https:\/\/wa.me\/201229359185\" target=\"_blank\" rel=\"noopener\">\n\t\t\t\t\t\t<span class=\"elementor-button-content-wrapper\">\n\t\t\t\t\t\t<span class=\"elementor-button-icon\">\n\t\t\t\t<svg xmlns=\"http:\/\/www.w3.org\/2000\/svg\" viewbox=\"0 0 31 16\"><path d=\"M30.707 8.707a1 1 0 0 0 0-1.414L24.343.929a1 1 0 1 0-1.414 1.414L28.586 8l-5.657 5.657a1 1 0 0 0 1.414 1.414l6.364-6.364ZM0 9h30V7H0v2Z\"><\/path><\/svg>\t\t\t<\/span>\n\t\t\t\t\t\t\t\t\t<span class=\"elementor-button-text\">Get to know more with andlauisa <\/span>\n\t\t\t\t\t<\/span>\n\t\t\t\t\t<\/a>\n\t\t\t\t<\/div>\n\t\t\t\t\t\t\t\t<\/div>\n\t\t\t\t<\/div>\n\t\t\t\t<\/div>\n\t\t\t\t<\/div>\n\t\t\t\t<\/div>","protected":false},"excerpt":{"rendered":"<p>Healthcare for Expats in Egypt Trusted Partner in Quality Healthcare For expats in Egypt, Andalusia Hospitals\u00a0delivers the answer. With\u00a0JCI accreditation,\u00a024\/7 emergency care, and\u00a0multilingual support, your health journey becomes not just manageable\u2014but genuinely\u00a0fearless. Andalusia Hospitals in Egypt\u00a0 Feature What It Means for You JCI Accreditation Global gold standard for hospital safety\u2014care equal to top European or US hospitals Multilingual Coordinators Zero language barriers. Professional interpreters in Arabic, English, French 24\/7 Emergency Care Trauma teams ready at any hour\u2014your safety net in Egypt Centers of Excellence Cardiology, Orthopedics, IVF, Oncology\u2014specialists with Western board certifications Get to know more with andlauisa<\/p>","protected":false},"author":3,"featured_media":0,"parent":0,"menu_order":0,"comment_status":"closed","ping_status":"closed","template":"","meta":{"footnotes":""},"class_list":["post-2560","page","type-page","status-publish","hentry"],"_links":{"self":[{"href":"https:\/\/andalusiamt.com\/fr\/wp-json\/wp\/v2\/pages\/2560","targetHints":{"allow":["GET"]}}],"collection":[{"href":"https:\/\/andalusiamt.com\/fr\/wp-json\/wp\/v2\/pages"}],"about":[{"href":"https:\/\/andalusiamt.com\/fr\/wp-json\/wp\/v2\/types\/page"}],"author":[{"embeddable":true,"href":"https:\/\/andalusiamt.com\/fr\/wp-json\/wp\/v2\/users\/3"}],"replies":[{"embeddable":true,"href":"https:\/\/andalusiamt.com\/fr\/wp-json\/wp\/v2\/comments?post=2560"}],"version-history":[{"count":8,"href":"https:\/\/andalusiamt.com\/fr\/wp-json\/wp\/v2\/pages\/2560\/revisions"}],"predecessor-version":[{"id":2595,"href":"https:\/\/andalusiamt.com\/fr\/wp-json\/wp\/v2\/pages\/2560\/revisions\/2595"}],"wp:attachment":[{"href":"https:\/\/andalusiamt.com\/fr\/wp-json\/wp\/v2\/media?parent=2560"}],"curies":[{"name":"wp","href":"https:\/\/api.w.org\/{rel}","templated":true}]}}